{"id":30,"date":"2024-09-26T13:36:48","date_gmt":"2024-09-26T11:36:48","guid":{"rendered":"https:\/\/newjukebox.fr\/index.php\/terms-of-use\/"},"modified":"2024-10-20T09:28:55","modified_gmt":"2024-10-20T07:28:55","slug":"conditions","status":"publish","type":"page","link":"https:\/\/newjukebox.fr\/index.php\/conditions\/","title":{"rendered":"Conditions d&#8217;utilisation"},"content":{"rendered":"\t\t<div data-elementor-type=\"wp-page\" data-elementor-id=\"30\" class=\"elementor elementor-30\" data-elementor-post-type=\"page\">\n\t\t\t\t<div class=\"elementor-element elementor-element-762c296c e-flex e-con-boxed e-con e-parent\" data-id=\"762c296c\" data-element_type=\"container\" data-settings=\"{&quot;background_background&quot;:&quot;classic&quot;}\">\n\t\t\t\t\t<div class=\"e-con-inner\">\n\t\t\t\t<div class=\"elementor-element elementor-element-2b8827a1 elementor-invisible elementor-widget elementor-widget-heading\" data-id=\"2b8827a1\" data-element_type=\"widget\" data-settings=\"{&quot;_animation&quot;:&quot;fadeIn&quot;}\" data-widget_type=\"heading.default\">\n\t\t\t\t<div class=\"elementor-widget-container\">\n\t\t\t\t\t<h1 class=\"elementor-heading-title elementor-size-default\">Conditions d'utilisations<\/h1>\t\t\t\t<\/div>\n\t\t\t\t<\/div>\n\t\t\t\t\t<\/div>\n\t\t\t\t<\/div>\n\t\t<div class=\"elementor-element elementor-element-236cb53d e-flex e-con-boxed e-con e-parent\" data-id=\"236cb53d\" data-element_type=\"container\" data-settings=\"{&quot;background_background&quot;:&quot;classic&quot;}\">\n\t\t\t\t\t<div class=\"e-con-inner\">\n\t\t<div class=\"elementor-element elementor-element-22c0e569 e-con-full e-flex e-con e-child\" data-id=\"22c0e569\" data-element_type=\"container\">\n\t\t\t\t<div class=\"elementor-element elementor-element-56d3ccfd elementor-icon-list--layout-traditional elementor-list-item-link-full_width elementor-widget elementor-widget-icon-list\" data-id=\"56d3ccfd\" data-element_type=\"widget\" data-widget_type=\"icon-list.default\">\n\t\t\t\t<div class=\"elementor-widget-container\">\n\t\t\t\t\t\t\t<ul class=\"elementor-icon-list-items\">\n\t\t\t\t\t\t\t<li class=\"elementor-icon-list-item\">\n\t\t\t\t\t\t\t\t\t\t\t<span class=\"elementor-icon-list-icon\">\n\t\t\t\t\t\t\t<svg xmlns=\"http:\/\/www.w3.org\/2000\/svg\" id=\"b1f15621-ae41-464d-8943-24cacc9d0b1f\" data-name=\"Layer 1\" width=\"19\" height=\"25\" viewBox=\"0 0 19 25\"><path d=\"M0,0V25H19V0ZM17,23H2V2H17Z\"><\/path><rect x=\"4\" y=\"5\" width=\"11\" height=\"2\"><\/rect><rect x=\"4\" y=\"10\" width=\"11\" height=\"2\"><\/rect><\/svg>\t\t\t\t\t\t<\/span>\n\t\t\t\t\t\t\t\t\t\t<span class=\"elementor-icon-list-text\">Acceptation des Conditions<\/span>\n\t\t\t\t\t\t\t\t\t<\/li>\n\t\t\t\t\t\t<\/ul>\n\t\t\t\t\t\t<\/div>\n\t\t\t\t<\/div>\n\t\t\t\t<div class=\"elementor-element elementor-element-7a745e24 elementor-widget elementor-widget-text-editor\" data-id=\"7a745e24\" data-element_type=\"widget\" data-widget_type=\"text-editor.default\">\n\t\t\t\t<div class=\"elementor-widget-container\">\n\t\t\t\t\t\t\t\t\t<p>En acc\u00e9dant ou en utilisant le site de New Juke Box, vous reconnaissez avoir lu, compris et accept\u00e9 d&#8217;\u00eatre li\u00e9 par les pr\u00e9sentes Conditions d&#8217;Utilisation. Nous nous r\u00e9servons le droit de modifier ou de mettre \u00e0 jour ces conditions \u00e0 tout moment, et ces modifications prendront effet imm\u00e9diatement apr\u00e8s leur publication. Il est de votre responsabilit\u00e9 de consulter r\u00e9guli\u00e8rement ces conditions pour prendre connaissance des \u00e9ventuelles modifications.<\/p>\t\t\t\t\t\t\t\t<\/div>\n\t\t\t\t<\/div>\n\t\t\t\t<\/div>\n\t\t<div class=\"elementor-element elementor-element-47597da3 e-con-full e-flex e-con e-child\" data-id=\"47597da3\" data-element_type=\"container\">\n\t\t\t\t<div class=\"elementor-element elementor-element-3a1064ba elementor-icon-list--layout-traditional elementor-list-item-link-full_width elementor-widget elementor-widget-icon-list\" data-id=\"3a1064ba\" data-element_type=\"widget\" data-widget_type=\"icon-list.default\">\n\t\t\t\t<div class=\"elementor-widget-container\">\n\t\t\t\t\t\t\t<ul class=\"elementor-icon-list-items\">\n\t\t\t\t\t\t\t<li class=\"elementor-icon-list-item\">\n\t\t\t\t\t\t\t\t\t\t\t<span class=\"elementor-icon-list-icon\">\n\t\t\t\t\t\t\t<svg xmlns=\"http:\/\/www.w3.org\/2000\/svg\" id=\"b1aaca49-f5f0-4ef3-8612-a71ebe723a3f\" data-name=\"Layer 1\" width=\"25\" height=\"25\" viewBox=\"0 0 25 25\"><path d=\"M12.5,0A12.5,12.5,0,1,0,25,12.5,12.5141,12.5141,0,0,0,12.5,0Zm0,23A10.5,10.5,0,1,1,23,12.5,10.5118,10.5118,0,0,1,12.5,23Z\"><\/path><polygon points=\"10.431 14.596 7.624 12.354 6.376 13.916 10.742 17.404 17.78 8.625 16.22 7.375 10.431 14.596\"><\/polygon><\/svg>\t\t\t\t\t\t<\/span>\n\t\t\t\t\t\t\t\t\t\t<span class=\"elementor-icon-list-text\">Utilisation du site<\/span>\n\t\t\t\t\t\t\t\t\t<\/li>\n\t\t\t\t\t\t<\/ul>\n\t\t\t\t\t\t<\/div>\n\t\t\t\t<\/div>\n\t\t\t\t<div class=\"elementor-element elementor-element-68b6a8c3 elementor-widget elementor-widget-text-editor\" data-id=\"68b6a8c3\" data-element_type=\"widget\" data-widget_type=\"text-editor.default\">\n\t\t\t\t<div class=\"elementor-widget-container\">\n\t\t\t\t\t\t\t\t\t<ul><li>Vous acceptez d&#8217;utiliser le site uniquement \u00e0 des fins l\u00e9gales et de mani\u00e8re \u00e0 ne pas porter atteinte aux droits d&#8217;autrui, ni restreindre ou emp\u00eacher leur utilisation et leur jouissance du site.<\/li><li>Il est strictement interdit d&#8217;utiliser ce site pour transmettre du contenu ill\u00e9gal, nuisible, mena\u00e7ant, abusif, diffamatoire, obsc\u00e8ne, ou autrement r\u00e9pr\u00e9hensible.<\/li><li>Toute tentative de violation de la s\u00e9curit\u00e9 du site, y compris mais non limit\u00e9 \u00e0 l&#8217;acc\u00e8s non autoris\u00e9 \u00e0 nos syst\u00e8mes ou \u00e0 l&#8217;interruption de la disponibilit\u00e9 du site, est interdite et pourra entra\u00eener des poursuites judiciaires.<\/li><\/ul>\t\t\t\t\t\t\t\t<\/div>\n\t\t\t\t<\/div>\n\t\t\t\t<\/div>\n\t\t<div class=\"elementor-element elementor-element-31bf54e9 e-con-full e-flex e-con e-child\" data-id=\"31bf54e9\" data-element_type=\"container\">\n\t\t\t\t<div class=\"elementor-element elementor-element-9c36dbc elementor-icon-list--layout-traditional elementor-list-item-link-full_width elementor-widget elementor-widget-icon-list\" data-id=\"9c36dbc\" data-element_type=\"widget\" data-widget_type=\"icon-list.default\">\n\t\t\t\t<div class=\"elementor-widget-container\">\n\t\t\t\t\t\t\t<ul class=\"elementor-icon-list-items\">\n\t\t\t\t\t\t\t<li class=\"elementor-icon-list-item\">\n\t\t\t\t\t\t\t\t\t\t\t<span class=\"elementor-icon-list-icon\">\n\t\t\t\t\t\t\t<svg xmlns=\"http:\/\/www.w3.org\/2000\/svg\" id=\"af86011d-df72-4c64-97cd-fb9b7699f9aa\" data-name=\"Layer 1\" width=\"19\" height=\"29\" viewBox=\"0 0 19 29\"><defs><style>.a91a53e4-223a-403b-85c8-6e1bd4e72f1e{fill-rule:evenodd;}<\/style><\/defs><path class=\"a91a53e4-223a-403b-85c8-6e1bd4e72f1e\" d=\"M13.8161,4a2.9839,2.9839,0,0,0-2.81-4H7.9941a2.9711,2.9711,0,0,0-2.81,4H0V29H19V4ZM7.291,2.291A.9892.9892,0,0,1,7.9941,2h3.0118a.9944.9944,0,0,1,0,1.9888H7.9941A.9948.9948,0,0,1,7.291,2.291ZM17,27H2V6H17Z\"><\/path><path class=\"a91a53e4-223a-403b-85c8-6e1bd4e72f1e\" d=\"M9,16.7226V19a1,1,0,0,0,2,0V16.7226a2,2,0,1,0-2,0Z\"><\/path><\/svg>\t\t\t\t\t\t<\/span>\n\t\t\t\t\t\t\t\t\t\t<span class=\"elementor-icon-list-text\">Propri\u00e9t\u00e9 intellectuelle<\/span>\n\t\t\t\t\t\t\t\t\t<\/li>\n\t\t\t\t\t\t<\/ul>\n\t\t\t\t\t\t<\/div>\n\t\t\t\t<\/div>\n\t\t\t\t<div class=\"elementor-element elementor-element-47ea36fc elementor-widget elementor-widget-text-editor\" data-id=\"47ea36fc\" data-element_type=\"widget\" data-widget_type=\"text-editor.default\">\n\t\t\t\t<div class=\"elementor-widget-container\">\n\t\t\t\t\t\t\t\t\t<ul><li>Le contenu de ce site, y compris mais sans s&#8217;y limiter, les textes, graphiques, images, logos, et logiciels, est prot\u00e9g\u00e9 par les droits d&#8217;auteur et les droits de propri\u00e9t\u00e9 intellectuelle. Toute reproduction, distribution ou utilisation non autoris\u00e9e de ce contenu sans notre consentement \u00e9crit est strictement interdite.<\/li><li>Vous ne devez pas utiliser, copier, reproduire, republier, t\u00e9l\u00e9charger, publier, transmettre, distribuer ou modifier de quelque mani\u00e8re que ce soit les marques commerciales, logos ou autres contenus propri\u00e9taires pr\u00e9sents sur ce site sans notre autorisation pr\u00e9alable.<\/li><\/ul>\t\t\t\t\t\t\t\t<\/div>\n\t\t\t\t<\/div>\n\t\t\t\t<\/div>\n\t\t\t\t\t<\/div>\n\t\t\t\t<\/div>\n\t\t\t\t<\/div>\n\t\t","protected":false},"excerpt":{"rendered":"<p>Conditions d&#8217;utilisations Acceptation des Conditions En acc\u00e9dant ou en utilisant le site de New Juke Box, vous reconnaissez avoir lu, compris et accept\u00e9 d&#8217;\u00eatre li\u00e9 par les pr\u00e9sentes Conditions d&#8217;Utilisation. Nous nous r\u00e9servons le droit de modifier ou de mettre \u00e0 jour ces conditions \u00e0 tout moment, et ces modifications prendront effet imm\u00e9diatement apr\u00e8s leur [&hellip;]<\/p>\n","protected":false},"author":3,"featured_media":0,"parent":0,"menu_order":0,"comment_status":"closed","ping_status":"closed","template":"elementor_header_footer","meta":{"footnotes":""},"class_list":["post-30","page","type-page","status-publish","hentry"],"_links":{"self":[{"href":"https:\/\/newjukebox.fr\/index.php\/wp-json\/wp\/v2\/pages\/30","targetHints":{"allow":["GET"]}}],"collection":[{"href":"https:\/\/newjukebox.fr\/index.php\/wp-json\/wp\/v2\/pages"}],"about":[{"href":"https:\/\/newjukebox.fr\/index.php\/wp-json\/wp\/v2\/types\/page"}],"author":[{"embeddable":true,"href":"https:\/\/newjukebox.fr\/index.php\/wp-json\/wp\/v2\/users\/3"}],"replies":[{"embeddable":true,"href":"https:\/\/newjukebox.fr\/index.php\/wp-json\/wp\/v2\/comments?post=30"}],"version-history":[{"count":17,"href":"https:\/\/newjukebox.fr\/index.php\/wp-json\/wp\/v2\/pages\/30\/revisions"}],"predecessor-version":[{"id":433,"href":"https:\/\/newjukebox.fr\/index.php\/wp-json\/wp\/v2\/pages\/30\/revisions\/433"}],"wp:attachment":[{"href":"https:\/\/newjukebox.fr\/index.php\/wp-json\/wp\/v2\/media?parent=30"}],"curies":[{"name":"wp","href":"https:\/\/api.w.org\/{rel}","templated":true}]}}